{"id":3,"date":"2025-09-15T21:40:08","date_gmt":"2025-09-15T21:40:08","guid":{"rendered":"https:\/\/construserviciosbyh.com\/?page_id=3"},"modified":"2025-10-02T22:48:04","modified_gmt":"2025-10-02T22:48:04","slug":"privacy-policy","status":"publish","type":"page","link":"https:\/\/construserviciosbyh.com\/en\/privacy-policy\/","title":{"rendered":"Privacy Policy"},"content":{"rendered":"<div data-elementor-type=\"wp-page\" data-elementor-id=\"3\" class=\"elementor elementor-3\" data-elementor-post-type=\"page\">\n\t\t\t\t\t\t<section class=\"elementor-section elementor-top-section elementor-element elementor-element-d4bfdfd elementor-section-full_width elementor-section-height-default elementor-section-height-default\" data-id=\"d4bfdfd\" data-element_type=\"section\" data-settings=\"{&quot;background_background&quot;:&quot;classic&quot;}\">\n\t\t\t\t\t\t<div class=\"elementor-container elementor-column-gap-default\">\n\t\t\t\t\t<div class=\"elementor-column elementor-col-100 elementor-top-column elementor-element elementor-element-9081095\" data-id=\"9081095\" data-element_type=\"column\">\n\t\t\t<div class=\"elementor-widget-wrap elementor-element-populated\">\n\t\t\t\t\t\t<section class=\"elementor-section elementor-inner-section elementor-element elementor-element-05ff2e8 elementor-section-boxed elementor-section-height-default elementor-section-height-default\" data-id=\"05ff2e8\" data-element_type=\"section\" data-settings=\"{&quot;background_background&quot;:&quot;classic&quot;}\">\n\t\t\t\t\t\t\t<div class=\"elementor-background-overlay\"><\/div>\n\t\t\t\t\t\t\t<div class=\"elementor-container elementor-column-gap-default\">\n\t\t\t\t\t<div class=\"elementor-column elementor-col-100 elementor-inner-column elementor-element elementor-element-695d19f\" data-id=\"695d19f\" data-element_type=\"column\">\n\t\t\t<div class=\"elementor-widget-wrap elementor-element-populated\">\n\t\t\t\t\t\t<div class=\"elementor-element elementor-element-2f0dc08 elementor-invisible elementor-widget elementor-widget-heading\" data-id=\"2f0dc08\" data-element_type=\"widget\" data-settings=\"{&quot;_animation&quot;:&quot;fadeInUp&quot;}\" data-widget_type=\"heading.default\">\n\t\t\t\t\t<h1 class=\"elementor-heading-title elementor-size-default\">Privacy Policy<\/h1>\t\t\t\t<\/div>\n\t\t\t\t\t<\/div>\n\t\t<\/div>\n\t\t\t\t\t<\/div>\n\t\t<\/section>\n\t\t\t\t\t<\/div>\n\t\t<\/div>\n\t\t\t\t\t<\/div>\n\t\t<\/section>\n\t\t<div class=\"elementor-element elementor-element-60dfcf92 e-flex e-con-boxed e-con e-parent\" data-id=\"60dfcf92\" data-element_type=\"container\">\n\t\t\t\t\t<div class=\"e-con-inner\">\n\t\t\t\t<div class=\"elementor-element elementor-element-347357a6 elementor-widget elementor-widget-text-editor\" data-id=\"347357a6\" data-element_type=\"widget\" data-widget_type=\"text-editor.default\">\n\t\t\t\t\t\t\t\t\t\n<h1 class=\"wp-block-heading\" data-start=\"246\" data-end=\"303\">Privacy Policy - Construservicios B&amp;H S.A.S.<\/h1>\n<p data-start=\"305\" data-end=\"618\">At <strong data-start=\"308\" data-end=\"339\">Construservicios B&amp;H S.A.S.<\/strong> we protect the personal information of our users, customers and partners. The processing of data is carried out in a secure, confidential manner and in accordance with current Colombian legislation (<strong data-start=\"531\" data-end=\"614\">Law 1581 of 2012 and other applicable regulations on personal data protection.<\/strong>).<\/p>\n<hr data-start=\"620\" data-end=\"623\" \/>\n<h2 data-start=\"625\" data-end=\"652\">1. Data we collect<\/h2>\n<p data-start=\"653\" data-end=\"834\">We collect and store personal data that you voluntarily provide to us through our forms, quotes, contracts or communications. These include:<\/p>\n<ul data-start=\"836\" data-end=\"1103\">\n<li data-start=\"836\" data-end=\"856\">\n<p data-start=\"838\" data-end=\"856\">Full name.<\/p>\n<\/li>\n<li data-start=\"857\" data-end=\"884\">\n<p data-start=\"859\" data-end=\"884\">Identity card.<\/p>\n<\/li>\n<li data-start=\"885\" data-end=\"922\">\n<p data-start=\"887\" data-end=\"922\">Telephone and contact address.<\/p>\n<\/li>\n<li data-start=\"923\" data-end=\"946\">\n<p data-start=\"925\" data-end=\"946\">E-mail.<\/p>\n<\/li>\n<li data-start=\"947\" data-end=\"1015\">\n<p data-start=\"949\" data-end=\"1015\">Information related to commercial requests or services.<\/p>\n<\/li>\n<li data-start=\"1016\" data-end=\"1103\">\n<p data-start=\"1018\" data-end=\"1103\">Navigation data (cookies, IP address, time of visit, pages viewed).<\/p>\n<\/li>\n<\/ul>\n<hr data-start=\"1105\" data-end=\"1108\" \/>\n<h2 data-start=\"1110\" data-end=\"1141\">2. Purpose of treatment<\/h2>\n<p data-start=\"1142\" data-end=\"1199\">Personal information will be used only for:<\/p>\n<ul data-start=\"1201\" data-end=\"1523\">\n<li data-start=\"1201\" data-end=\"1246\">\n<p data-start=\"1203\" data-end=\"1246\">Contact our customers and users.<\/p>\n<\/li>\n<li data-start=\"1247\" data-end=\"1314\">\n<p data-start=\"1249\" data-end=\"1314\">Manage requests for information, quotations and services.<\/p>\n<\/li>\n<li data-start=\"1315\" data-end=\"1403\">\n<p data-start=\"1317\" data-end=\"1403\">Send communications related to our projects and commercial activities.<\/p>\n<\/li>\n<li data-start=\"1404\" data-end=\"1459\">\n<p data-start=\"1406\" data-end=\"1459\">To improve the experience of using our website.<\/p>\n<\/li>\n<li data-start=\"1460\" data-end=\"1523\">\n<p data-start=\"1462\" data-end=\"1523\">Comply with legal, contractual and regulatory obligations.<\/p>\n<\/li>\n<\/ul>\n<hr data-start=\"1525\" data-end=\"1528\" \/>\n<h2 data-start=\"1530\" data-end=\"1574\">3. Rights of data subjects<\/h2>\n<p data-start=\"1575\" data-end=\"1644\">In accordance with Law 1581 of 2012, holders have the right to:<\/p>\n<ul data-start=\"1646\" data-end=\"2079\">\n<li data-start=\"1646\" data-end=\"1704\">\n<p data-start=\"1648\" data-end=\"1704\">Know, update and rectify your personal data.<\/p>\n<\/li>\n<li data-start=\"1705\" data-end=\"1774\">\n<p data-start=\"1707\" data-end=\"1774\">Request proof of authorization for treatment.<\/p>\n<\/li>\n<li data-start=\"1775\" data-end=\"1834\">\n<p data-start=\"1777\" data-end=\"1834\">Be informed about the use that has been made of their data.<\/p>\n<\/li>\n<li data-start=\"1835\" data-end=\"1987\">\n<p data-start=\"1837\" data-end=\"1987\">To revoke the authorization or request the deletion of the data when the constitutional and legal principles, rights and guarantees are not respected.<\/p>\n<\/li>\n<li data-start=\"1988\" data-end=\"2079\">\n<p data-start=\"1990\" data-end=\"2079\">Access free of charge to your personal data that has been processed.<\/p>\n<\/li>\n<\/ul>\n<hr data-start=\"2081\" data-end=\"2084\" \/>\n<h2 data-start=\"2086\" data-end=\"2127\">4. Procedure for exercising rights<\/h2>\n<p data-start=\"2128\" data-end=\"2230\">Holders may exercise their rights by sending a request through the following channels:<\/p>\n<ul data-start=\"2232\" data-end=\"2424\">\n<li data-start=\"2232\" data-end=\"2299\">\n<p data-start=\"2234\" data-end=\"2299\">\ud83d\udce7 E-mail: <strong data-start=\"2257\" data-end=\"2297\"><a class=\"decorated-link cursor-pointer\" rel=\"noopener\" data-start=\"2259\" data-end=\"2295\">servicioalcliente@construserviciosbyh.com<\/a><\/strong><\/p>\n<\/li>\n<li data-start=\"2300\" data-end=\"2356\">\n<p data-start=\"2302\" data-end=\"2356\">\ud83d\udccd Address: <span style=\"font-weight: 400;\">Carrera 7 #36-56 Local 1 Torre Federick<\/span><\/p>\n<\/li>\n<li data-start=\"2357\" data-end=\"2424\">\n<p data-start=\"2359\" data-end=\"2424\">\u23f0 Hours of operation: <em data-start=\"2382\" data-end=\"2422\">Monday to Friday from 9:00 a.m. to 5:00 p.m.<\/em><\/p>\n<\/li>\n<\/ul>\n<p data-start=\"2426\" data-end=\"2547\">All requests will be handled in accordance with the deadlines and procedures established by Colombian law.<\/p>\n<hr data-start=\"2549\" data-end=\"2552\" \/>\n<h2 data-start=\"2554\" data-end=\"2598\">5. Use of cookies and similar technologies<\/h2>\n<p data-start=\"2599\" data-end=\"2763\">Our website uses <strong data-start=\"2625\" data-end=\"2636\">cookies<\/strong> and analysis tools (such as Google Analytics) to improve the browsing experience and optimize our services.<\/p>\n<p data-start=\"2765\" data-end=\"2861\">You can set your browser to block or delete cookies at any time.<\/p>\n<hr data-start=\"2863\" data-end=\"2866\" \/>\n<h2 data-start=\"2868\" data-end=\"2894\">6. Security measures<\/h2>\n<p data-start=\"2895\" data-end=\"3088\">Construservicios B&amp;H S.A.S. adopts technical, administrative and organizational measures to protect personal information against loss, unauthorized access, misuse or disclosure.<\/p>\n<hr data-start=\"3090\" data-end=\"3093\" \/>\n<h2 data-start=\"3095\" data-end=\"3126\">7. Validity and modifications<\/h2>\n<p data-start=\"3127\" data-end=\"3363\">This policy is effective as of its publication on our website. Construservicios B&amp;H S.A.S. reserves the right to modify it at any time. Changes will be communicated in a timely manner in this section.<\/p>\t\t\t\t\t\t\t\t<\/div>\n\t\t\t\t\t<\/div>\n\t\t\t\t<\/div>\n\t\t\t\t<\/div>","protected":false},"excerpt":{"rendered":"<p>Pol\u00edticas de privacidad Pol\u00edtica de Privacidad \u2013 Construservicios B&amp;H S.A.S. En Construservicios B&amp;H S.A.S. protegemos la informaci\u00f3n personal de nuestros usuarios, clientes y aliados. El tratamiento de datos se realiza de manera segura, confidencial y conforme a la legislaci\u00f3n colombiana vigente (Ley 1581 de 2012 y dem\u00e1s normas aplicables sobre protecci\u00f3n de datos personales). 1. [&hellip;]<\/p>","protected":false},"author":1,"featured_media":0,"parent":0,"menu_order":0,"comment_status":"closed","ping_status":"closed","template":"","meta":{"footnotes":""},"class_list":["post-3","page","type-page","status-publish","hentry"],"yoast_head":"<!-- This site is optimized with the Yoast SEO plugin v26.6 - https:\/\/yoast.com\/wordpress\/plugins\/seo\/ -->\n<title>Pol\u00edticas de privacidad - Construservicios<\/title>\n<meta name=\"robots\" content=\"index, follow, max-snippet:-1, max-image-preview:large, max-video-preview:-1\" \/>\n<link rel=\"canonical\" href=\"https:\/\/construserviciosbyh.com\/en\/privacy-policy\/\" \/>\n<meta property=\"og:locale\" content=\"en_US\" \/>\n<meta property=\"og:type\" content=\"article\" \/>\n<meta property=\"og:title\" content=\"Pol\u00edticas de privacidad - Construservicios\" \/>\n<meta property=\"og:description\" content=\"Pol\u00edticas de privacidad Pol\u00edtica de Privacidad \u2013 Construservicios B&amp;H S.A.S. En Construservicios B&amp;H S.A.S. protegemos la informaci\u00f3n personal de nuestros usuarios, clientes y aliados. El tratamiento de datos se realiza de manera segura, confidencial y conforme a la legislaci\u00f3n colombiana vigente (Ley 1581 de 2012 y dem\u00e1s normas aplicables sobre protecci\u00f3n de datos personales). 1. [&hellip;]\" \/>\n<meta property=\"og:url\" content=\"https:\/\/construserviciosbyh.com\/en\/privacy-policy\/\" \/>\n<meta property=\"og:site_name\" content=\"Construservicios\" \/>\n<meta property=\"article:modified_time\" content=\"2025-10-02T22:48:04+00:00\" \/>\n<meta name=\"twitter:card\" content=\"summary_large_image\" \/>\n<meta name=\"twitter:label1\" content=\"Est. reading time\" \/>\n\t<meta name=\"twitter:data1\" content=\"2 minutes\" \/>\n<script type=\"application\/ld+json\" class=\"yoast-schema-graph\">{\"@context\":\"https:\/\/schema.org\",\"@graph\":[{\"@type\":\"WebPage\",\"@id\":\"https:\/\/construserviciosbyh.com\/politicas-de-privacidad\/\",\"url\":\"https:\/\/construserviciosbyh.com\/politicas-de-privacidad\/\",\"name\":\"Pol\u00edticas de privacidad - Construservicios\",\"isPartOf\":{\"@id\":\"https:\/\/construserviciosbyh.com\/#website\"},\"datePublished\":\"2025-09-15T21:40:08+00:00\",\"dateModified\":\"2025-10-02T22:48:04+00:00\",\"breadcrumb\":{\"@id\":\"https:\/\/construserviciosbyh.com\/politicas-de-privacidad\/#breadcrumb\"},\"inLanguage\":\"en-US\",\"potentialAction\":[{\"@type\":\"ReadAction\",\"target\":[\"https:\/\/construserviciosbyh.com\/politicas-de-privacidad\/\"]}]},{\"@type\":\"BreadcrumbList\",\"@id\":\"https:\/\/construserviciosbyh.com\/politicas-de-privacidad\/#breadcrumb\",\"itemListElement\":[{\"@type\":\"ListItem\",\"position\":1,\"name\":\"Portada\",\"item\":\"https:\/\/construserviciosbyh.com\/\"},{\"@type\":\"ListItem\",\"position\":2,\"name\":\"Pol\u00edticas de privacidad\"}]},{\"@type\":\"WebSite\",\"@id\":\"https:\/\/construserviciosbyh.com\/#website\",\"url\":\"https:\/\/construserviciosbyh.com\/\",\"name\":\"Construservicios B&H S.A.S,\",\"description\":\"\",\"publisher\":{\"@id\":\"https:\/\/construserviciosbyh.com\/#organization\"},\"potentialAction\":[{\"@type\":\"SearchAction\",\"target\":{\"@type\":\"EntryPoint\",\"urlTemplate\":\"https:\/\/construserviciosbyh.com\/?s={search_term_string}\"},\"query-input\":{\"@type\":\"PropertyValueSpecification\",\"valueRequired\":true,\"valueName\":\"search_term_string\"}}],\"inLanguage\":\"en-US\"},{\"@type\":\"Organization\",\"@id\":\"https:\/\/construserviciosbyh.com\/#organization\",\"name\":\"Construservicios B&H S.A.S,\",\"url\":\"https:\/\/construserviciosbyh.com\/\",\"logo\":{\"@type\":\"ImageObject\",\"inLanguage\":\"en-US\",\"@id\":\"https:\/\/construserviciosbyh.com\/#\/schema\/logo\/image\/\",\"url\":\"https:\/\/construserviciosbyh.com\/wp-content\/uploads\/2025\/10\/5-scaled-e1759424101675.webp\",\"contentUrl\":\"https:\/\/construserviciosbyh.com\/wp-content\/uploads\/2025\/10\/5-scaled-e1759424101675.webp\",\"width\":1408,\"height\":383,\"caption\":\"Construservicios B&H S.A.S,\"},\"image\":{\"@id\":\"https:\/\/construserviciosbyh.com\/#\/schema\/logo\/image\/\"}}]}<\/script>\n<!-- \/ Yoast SEO plugin. -->","yoast_head_json":{"title":"Privacy Policy - Construservicios","robots":{"index":"index","follow":"follow","max-snippet":"max-snippet:-1","max-image-preview":"max-image-preview:large","max-video-preview":"max-video-preview:-1"},"canonical":"https:\/\/construserviciosbyh.com\/en\/privacy-policy\/","og_locale":"en_US","og_type":"article","og_title":"Pol\u00edticas de privacidad - Construservicios","og_description":"Pol\u00edticas de privacidad Pol\u00edtica de Privacidad \u2013 Construservicios B&amp;H S.A.S. En Construservicios B&amp;H S.A.S. protegemos la informaci\u00f3n personal de nuestros usuarios, clientes y aliados. El tratamiento de datos se realiza de manera segura, confidencial y conforme a la legislaci\u00f3n colombiana vigente (Ley 1581 de 2012 y dem\u00e1s normas aplicables sobre protecci\u00f3n de datos personales). 1. [&hellip;]","og_url":"https:\/\/construserviciosbyh.com\/en\/privacy-policy\/","og_site_name":"Construservicios","article_modified_time":"2025-10-02T22:48:04+00:00","twitter_card":"summary_large_image","twitter_misc":{"Est. reading time":"2 minutes"},"schema":{"@context":"https:\/\/schema.org","@graph":[{"@type":"WebPage","@id":"https:\/\/construserviciosbyh.com\/politicas-de-privacidad\/","url":"https:\/\/construserviciosbyh.com\/politicas-de-privacidad\/","name":"Privacy Policy - Construservicios","isPartOf":{"@id":"https:\/\/construserviciosbyh.com\/#website"},"datePublished":"2025-09-15T21:40:08+00:00","dateModified":"2025-10-02T22:48:04+00:00","breadcrumb":{"@id":"https:\/\/construserviciosbyh.com\/politicas-de-privacidad\/#breadcrumb"},"inLanguage":"en-US","potentialAction":[{"@type":"ReadAction","target":["https:\/\/construserviciosbyh.com\/politicas-de-privacidad\/"]}]},{"@type":"BreadcrumbList","@id":"https:\/\/construserviciosbyh.com\/politicas-de-privacidad\/#breadcrumb","itemListElement":[{"@type":"ListItem","position":1,"name":"Portada","item":"https:\/\/construserviciosbyh.com\/"},{"@type":"ListItem","position":2,"name":"Pol\u00edticas de privacidad"}]},{"@type":"WebSite","@id":"https:\/\/construserviciosbyh.com\/#website","url":"https:\/\/construserviciosbyh.com\/","name":"Construservicios B&amp;H S.A.S,","description":"","publisher":{"@id":"https:\/\/construserviciosbyh.com\/#organization"},"potentialAction":[{"@type":"SearchAction","target":{"@type":"EntryPoint","urlTemplate":"https:\/\/construserviciosbyh.com\/?s={search_term_string}"},"query-input":{"@type":"PropertyValueSpecification","valueRequired":true,"valueName":"search_term_string"}}],"inLanguage":"en-US"},{"@type":"Organization","@id":"https:\/\/construserviciosbyh.com\/#organization","name":"Construservicios B&amp;H S.A.S,","url":"https:\/\/construserviciosbyh.com\/","logo":{"@type":"ImageObject","inLanguage":"en-US","@id":"https:\/\/construserviciosbyh.com\/#\/schema\/logo\/image\/","url":"https:\/\/construserviciosbyh.com\/wp-content\/uploads\/2025\/10\/5-scaled-e1759424101675.webp","contentUrl":"https:\/\/construserviciosbyh.com\/wp-content\/uploads\/2025\/10\/5-scaled-e1759424101675.webp","width":1408,"height":383,"caption":"Construservicios B&H S.A.S,"},"image":{"@id":"https:\/\/construserviciosbyh.com\/#\/schema\/logo\/image\/"}}]}},"_links":{"self":[{"href":"https:\/\/construserviciosbyh.com\/en\/wp-json\/wp\/v2\/pages\/3","targetHints":{"allow":["GET"]}}],"collection":[{"href":"https:\/\/construserviciosbyh.com\/en\/wp-json\/wp\/v2\/pages"}],"about":[{"href":"https:\/\/construserviciosbyh.com\/en\/wp-json\/wp\/v2\/types\/page"}],"author":[{"embeddable":true,"href":"https:\/\/construserviciosbyh.com\/en\/wp-json\/wp\/v2\/users\/1"}],"replies":[{"embeddable":true,"href":"https:\/\/construserviciosbyh.com\/en\/wp-json\/wp\/v2\/comments?post=3"}],"version-history":[{"count":7,"href":"https:\/\/construserviciosbyh.com\/en\/wp-json\/wp\/v2\/pages\/3\/revisions"}],"predecessor-version":[{"id":322,"href":"https:\/\/construserviciosbyh.com\/en\/wp-json\/wp\/v2\/pages\/3\/revisions\/322"}],"wp:attachment":[{"href":"https:\/\/construserviciosbyh.com\/en\/wp-json\/wp\/v2\/media?parent=3"}],"curies":[{"name":"wp","href":"https:\/\/api.w.org\/{rel}","templated":true}]}}